{"id":364,"date":"2022-01-22T18:07:25","date_gmt":"2022-01-22T18:07:25","guid":{"rendered":"http:\/\/cliniqueaden.com\/?page_id=364"},"modified":"2024-04-29T09:56:56","modified_gmt":"2024-04-29T07:56:56","slug":"nos-services","status":"publish","type":"page","link":"https:\/\/cliniqueaden.com\/?page_id=364","title":{"rendered":"NOS SERVICES"},"content":{"rendered":"\t\t<div data-elementor-type=\"wp-page\" data-elementor-id=\"364\" class=\"elementor elementor-364\">\n\t\t\t\t\t\t<section class=\"elementor-section elementor-top-section elementor-element elementor-element-7ffda68f elementor-section-height-min-height elementor-section-full_width elementor-section-height-default elementor-section-items-middle\" data-id=\"7ffda68f\" data-element_type=\"section\" data-e-type=\"section\" data-settings=\"{&quot;background_background&quot;:&quot;gradient&quot;}\">\n\t\t\t\t\t\t\t<div class=\"elementor-background-overlay\"><\/div>\n\t\t\t\t\t\t\t<div class=\"elementor-container elementor-column-gap-no\">\n\t\t\t\t\t<div class=\"elementor-column elementor-col-100 elementor-top-column elementor-element elementor-element-6184838f\" data-id=\"6184838f\" data-element_type=\"column\" data-e-type=\"column\">\n\t\t\t<div class=\"elementor-widget-wrap elementor-element-populated\">\n\t\t\t\t\t\t<div class=\"elementor-element elementor-element-4c40cb7f elementor-invisible elementor-widget elementor-widget-heading\" data-id=\"4c40cb7f\" data-element_type=\"widget\" data-e-type=\"widget\" data-settings=\"{&quot;_animation&quot;:&quot;fadeInUp&quot;}\" data-widget_type=\"heading.default\">\n\t\t\t\t<div class=\"elementor-widget-container\">\n\t\t\t\t\t<h2 class=\"elementor-heading-title elementor-size-default\">Services<\/h2>\t\t\t\t<\/div>\n\t\t\t\t<\/div>\n\t\t\t\t\t<\/div>\n\t\t<\/div>\n\t\t\t\t\t<\/div>\n\t\t<\/section>\n\t\t\t\t<section class=\"elementor-section elementor-top-section elementor-element elementor-element-4b3042e7 elementor-section-full_width elementor-section-height-default elementor-section-height-default\" data-id=\"4b3042e7\" data-element_type=\"section\" data-e-type=\"section\" data-settings=\"{&quot;background_background&quot;:&quot;classic&quot;}\">\n\t\t\t\t\t\t<div class=\"elementor-container elementor-column-gap-no\">\n\t\t\t\t\t<div class=\"elementor-column elementor-col-100 elementor-top-column elementor-element elementor-element-1e824784\" data-id=\"1e824784\" data-element_type=\"column\" data-e-type=\"column\">\n\t\t\t<div class=\"elementor-widget-wrap elementor-element-populated\">\n\t\t\t\t\t\t<div class=\"elementor-element elementor-element-5bcdb385 elementor-invisible elementor-widget elementor-widget-heading\" data-id=\"5bcdb385\" data-element_type=\"widget\" data-e-type=\"widget\" data-settings=\"{&quot;_animation&quot;:&quot;fadeInUp&quot;}\" data-widget_type=\"heading.default\">\n\t\t\t\t<div class=\"elementor-widget-container\">\n\t\t\t\t\t<h2 class=\"elementor-heading-title elementor-size-default\"> <b>Services <\/b> que nous proposons<\/h2>\t\t\t\t<\/div>\n\t\t\t\t<\/div>\n\t\t\t\t<div class=\"elementor-element elementor-element-5150f107 elementor-widget elementor-widget-text-editor\" data-id=\"5150f107\" data-element_type=\"widget\" data-e-type=\"widget\" data-settings=\"{&quot;_animation&quot;:&quot;none&quot;}\" data-widget_type=\"text-editor.default\">\n\t\t\t\t<div class=\"elementor-widget-container\">\n\t\t\t\t\t\t\t\t\t<p>L&#8217;activit\u00e9 m\u00e9dicale, chirugicale et obst\u00e9tricale de la Clinique Aden est organis\u00e9e en unit\u00e9s<\/p>\t\t\t\t\t\t\t\t<\/div>\n\t\t\t\t<\/div>\n\t\t\t\t<section class=\"elementor-section elementor-inner-section elementor-element elementor-element-1d3cb7ad elementor-section-full_width elementor-section-height-default elementor-section-height-default\" data-id=\"1d3cb7ad\" data-element_type=\"section\" data-e-type=\"section\">\n\t\t\t\t\t\t<div class=\"elementor-container elementor-column-gap-no\">\n\t\t\t\t\t<div class=\"elementor-column elementor-col-33 elementor-inner-column elementor-element elementor-element-13b8cdbb\" data-id=\"13b8cdbb\" data-element_type=\"column\" data-e-type=\"column\" data-settings=\"{&quot;background_background&quot;:&quot;classic&quot;}\">\n\t\t\t<div class=\"elementor-widget-wrap elementor-element-populated\">\n\t\t\t\t\t\t<div class=\"elementor-element elementor-element-58b5155c elementor-position-top elementor-widget elementor-widget-image-box\" data-id=\"58b5155c\" data-element_type=\"widget\" data-e-type=\"widget\" data-widget_type=\"image-box.default\">\n\t\t\t\t<div class=\"elementor-widget-container\">\n\t\t\t\t\t<div class=\"elementor-image-box-wrapper\"><figure class=\"elementor-image-box-img\"><img fetchpriority=\"high\" decoding=\"async\" width=\"1707\" height=\"2560\" src=\"https:\/\/cliniqueaden.com\/wp-content\/uploads\/2024\/04\/IMG_2473-scaled.jpg\" class=\"elementor-animation-hang attachment-full size-full wp-image-1962\" alt=\"\" srcset=\"https:\/\/cliniqueaden.com\/wp-content\/uploads\/2024\/04\/IMG_2473-scaled.jpg 1707w, https:\/\/cliniqueaden.com\/wp-content\/uploads\/2024\/04\/IMG_2473-200x300.jpg 200w, https:\/\/cliniqueaden.com\/wp-content\/uploads\/2024\/04\/IMG_2473-683x1024.jpg 683w, https:\/\/cliniqueaden.com\/wp-content\/uploads\/2024\/04\/IMG_2473-768x1152.jpg 768w, https:\/\/cliniqueaden.com\/wp-content\/uploads\/2024\/04\/IMG_2473-1024x1536.jpg 1024w, https:\/\/cliniqueaden.com\/wp-content\/uploads\/2024\/04\/IMG_2473-1365x2048.jpg 1365w\" sizes=\"(max-width: 1707px) 100vw, 1707px\" \/><\/figure><div class=\"elementor-image-box-content\"><h3 class=\"elementor-image-box-title\">Unit\u00e9 de Consultations <\/h3><p class=\"elementor-image-box-description\">\u2022 Consultation gyn\u00e9cologie obst\u00e9trique (H\u00e9ron\/Siesta)<br>\u2022 Consultattion anesth\u00e9sie (H\u00e9ron\/Siesta)<br>\u2022 Consultation p\u00e9diatrie<\/p><\/div><\/div>\t\t\t\t<\/div>\n\t\t\t\t<\/div>\n\t\t\t\t\t<\/div>\n\t\t<\/div>\n\t\t\t\t<div class=\"elementor-column elementor-col-33 elementor-inner-column elementor-element elementor-element-4db9b9ca\" data-id=\"4db9b9ca\" data-element_type=\"column\" data-e-type=\"column\" data-settings=\"{&quot;background_background&quot;:&quot;classic&quot;}\">\n\t\t\t<div class=\"elementor-widget-wrap elementor-element-populated\">\n\t\t\t\t\t\t<div class=\"elementor-element elementor-element-1b7fb6d elementor-position-top elementor-widget elementor-widget-image-box\" data-id=\"1b7fb6d\" data-element_type=\"widget\" data-e-type=\"widget\" data-widget_type=\"image-box.default\">\n\t\t\t\t<div class=\"elementor-widget-container\">\n\t\t\t\t\t<div class=\"elementor-image-box-wrapper\"><figure class=\"elementor-image-box-img\"><img decoding=\"async\" width=\"1707\" height=\"2560\" src=\"https:\/\/cliniqueaden.com\/wp-content\/uploads\/2024\/04\/IMG_2497-scaled.jpg\" class=\"elementor-animation-hang attachment-full size-full wp-image-1964\" alt=\"\" srcset=\"https:\/\/cliniqueaden.com\/wp-content\/uploads\/2024\/04\/IMG_2497-scaled.jpg 1707w, https:\/\/cliniqueaden.com\/wp-content\/uploads\/2024\/04\/IMG_2497-200x300.jpg 200w, https:\/\/cliniqueaden.com\/wp-content\/uploads\/2024\/04\/IMG_2497-683x1024.jpg 683w, https:\/\/cliniqueaden.com\/wp-content\/uploads\/2024\/04\/IMG_2497-768x1152.jpg 768w, https:\/\/cliniqueaden.com\/wp-content\/uploads\/2024\/04\/IMG_2497-1024x1536.jpg 1024w, https:\/\/cliniqueaden.com\/wp-content\/uploads\/2024\/04\/IMG_2497-1365x2048.jpg 1365w\" sizes=\"(max-width: 1707px) 100vw, 1707px\" \/><\/figure><div class=\"elementor-image-box-content\"><h3 class=\"elementor-image-box-title\">Unit\u00e9 de Chirurgie<\/h3><p class=\"elementor-image-box-description\">\u2022 2 blocs op\u00e9ratoires \u00e9quip\u00e9s <br>\u2022 1 Unit\u00e9 de r\u00e9animation avec 2 lits <br>\u2022 1 Salle d\u2019admission<\/p><\/div><\/div>\t\t\t\t<\/div>\n\t\t\t\t<\/div>\n\t\t\t\t\t<\/div>\n\t\t<\/div>\n\t\t\t\t<div class=\"elementor-column elementor-col-33 elementor-inner-column elementor-element elementor-element-6362085d\" data-id=\"6362085d\" data-element_type=\"column\" data-e-type=\"column\" data-settings=\"{&quot;background_background&quot;:&quot;classic&quot;}\">\n\t\t\t<div class=\"elementor-widget-wrap elementor-element-populated\">\n\t\t\t\t\t\t<div class=\"elementor-element elementor-element-231a9a7f elementor-position-top elementor-widget elementor-widget-image-box\" data-id=\"231a9a7f\" data-element_type=\"widget\" data-e-type=\"widget\" data-widget_type=\"image-box.default\">\n\t\t\t\t<div class=\"elementor-widget-container\">\n\t\t\t\t\t<div class=\"elementor-image-box-wrapper\"><figure class=\"elementor-image-box-img\"><img decoding=\"async\" width=\"1707\" height=\"2560\" src=\"https:\/\/cliniqueaden.com\/wp-content\/uploads\/2024\/04\/IMG_2442-1-scaled.jpg\" class=\"elementor-animation-hang attachment-full size-full wp-image-1957\" alt=\"\" srcset=\"https:\/\/cliniqueaden.com\/wp-content\/uploads\/2024\/04\/IMG_2442-1-scaled.jpg 1707w, https:\/\/cliniqueaden.com\/wp-content\/uploads\/2024\/04\/IMG_2442-1-200x300.jpg 200w, https:\/\/cliniqueaden.com\/wp-content\/uploads\/2024\/04\/IMG_2442-1-683x1024.jpg 683w, https:\/\/cliniqueaden.com\/wp-content\/uploads\/2024\/04\/IMG_2442-1-768x1152.jpg 768w, https:\/\/cliniqueaden.com\/wp-content\/uploads\/2024\/04\/IMG_2442-1-1024x1536.jpg 1024w, https:\/\/cliniqueaden.com\/wp-content\/uploads\/2024\/04\/IMG_2442-1-1365x2048.jpg 1365w\" sizes=\"(max-width: 1707px) 100vw, 1707px\" \/><\/figure><div class=\"elementor-image-box-content\"><h3 class=\"elementor-image-box-title\">Unit\u00e9 d'Obst\u00e9trique<\/h3><p class=\"elementor-image-box-description\">\u2022 2 Salles d\u2019accouchements priv\u00e9es dont 1 \u00ab&nbsp;Nature&nbsp;\u00bb avec baignoire<br>\u2022 1 Salle d\u2019admission et de pr\u00e9 travail<\/p><\/div><\/div>\t\t\t\t<\/div>\n\t\t\t\t<\/div>\n\t\t\t\t\t<\/div>\n\t\t<\/div>\n\t\t\t\t\t<\/div>\n\t\t<\/section>\n\t\t\t\t<section class=\"elementor-section elementor-inner-section elementor-element elementor-element-3806db82 elementor-section-full_width elementor-section-height-default elementor-section-height-default\" data-id=\"3806db82\" data-element_type=\"section\" data-e-type=\"section\">\n\t\t\t\t\t\t<div class=\"elementor-container elementor-column-gap-no\">\n\t\t\t\t\t<div class=\"elementor-column elementor-col-33 elementor-inner-column elementor-element elementor-element-611e1fbf\" data-id=\"611e1fbf\" data-element_type=\"column\" data-e-type=\"column\" data-settings=\"{&quot;background_background&quot;:&quot;classic&quot;}\">\n\t\t\t<div class=\"elementor-widget-wrap elementor-element-populated\">\n\t\t\t\t\t\t<div class=\"elementor-element elementor-element-1d2321f5 elementor-position-top elementor-widget elementor-widget-image-box\" data-id=\"1d2321f5\" data-element_type=\"widget\" data-e-type=\"widget\" data-widget_type=\"image-box.default\">\n\t\t\t\t<div class=\"elementor-widget-container\">\n\t\t\t\t\t<div class=\"elementor-image-box-wrapper\"><figure class=\"elementor-image-box-img\"><img loading=\"lazy\" decoding=\"async\" width=\"1707\" height=\"2560\" src=\"https:\/\/cliniqueaden.com\/wp-content\/uploads\/2024\/04\/IMG_2451-scaled.jpg\" class=\"elementor-animation-hang attachment-full size-full wp-image-1958\" alt=\"\" srcset=\"https:\/\/cliniqueaden.com\/wp-content\/uploads\/2024\/04\/IMG_2451-scaled.jpg 1707w, https:\/\/cliniqueaden.com\/wp-content\/uploads\/2024\/04\/IMG_2451-200x300.jpg 200w, https:\/\/cliniqueaden.com\/wp-content\/uploads\/2024\/04\/IMG_2451-683x1024.jpg 683w, https:\/\/cliniqueaden.com\/wp-content\/uploads\/2024\/04\/IMG_2451-768x1152.jpg 768w, https:\/\/cliniqueaden.com\/wp-content\/uploads\/2024\/04\/IMG_2451-1024x1536.jpg 1024w, https:\/\/cliniqueaden.com\/wp-content\/uploads\/2024\/04\/IMG_2451-1365x2048.jpg 1365w\" sizes=\"(max-width: 1707px) 100vw, 1707px\" \/><\/figure><div class=\"elementor-image-box-content\"><h3 class=\"elementor-image-box-title\">Unit\u00e9 d'Hospitalisation <\/h3><p class=\"elementor-image-box-description\">\u2022 4 Chambres individuelles: Suite, Single ou 1<br>\u2022 3 Chambres doubles: Confort &amp; Duo<br>\u2022 1 Chambre triple: Alliance<\/p><\/div><\/div>\t\t\t\t<\/div>\n\t\t\t\t<\/div>\n\t\t\t\t\t<\/div>\n\t\t<\/div>\n\t\t\t\t<div class=\"elementor-column elementor-col-33 elementor-inner-column elementor-element elementor-element-601bbe3d\" data-id=\"601bbe3d\" data-element_type=\"column\" data-e-type=\"column\" data-settings=\"{&quot;background_background&quot;:&quot;classic&quot;}\">\n\t\t\t<div class=\"elementor-widget-wrap elementor-element-populated\">\n\t\t\t\t\t\t<div class=\"elementor-element elementor-element-485a1d8a elementor-position-top elementor-widget elementor-widget-image-box\" data-id=\"485a1d8a\" data-element_type=\"widget\" data-e-type=\"widget\" data-widget_type=\"image-box.default\">\n\t\t\t\t<div class=\"elementor-widget-container\">\n\t\t\t\t\t<div class=\"elementor-image-box-wrapper\"><figure class=\"elementor-image-box-img\"><img loading=\"lazy\" decoding=\"async\" width=\"1707\" height=\"2560\" src=\"https:\/\/cliniqueaden.com\/wp-content\/uploads\/2024\/04\/IMG_2521-scaled.jpg\" class=\"elementor-animation-hang attachment-full size-full wp-image-1970\" alt=\"\" srcset=\"https:\/\/cliniqueaden.com\/wp-content\/uploads\/2024\/04\/IMG_2521-scaled.jpg 1707w, https:\/\/cliniqueaden.com\/wp-content\/uploads\/2024\/04\/IMG_2521-200x300.jpg 200w, https:\/\/cliniqueaden.com\/wp-content\/uploads\/2024\/04\/IMG_2521-683x1024.jpg 683w, https:\/\/cliniqueaden.com\/wp-content\/uploads\/2024\/04\/IMG_2521-768x1152.jpg 768w, https:\/\/cliniqueaden.com\/wp-content\/uploads\/2024\/04\/IMG_2521-1024x1536.jpg 1024w, https:\/\/cliniqueaden.com\/wp-content\/uploads\/2024\/04\/IMG_2521-1365x2048.jpg 1365w\" sizes=\"(max-width: 1707px) 100vw, 1707px\" \/><\/figure><div class=\"elementor-image-box-content\"><h3 class=\"elementor-image-box-title\">Unit\u00e9 de N\u00e9onatologie<\/h3><p class=\"elementor-image-box-description\">\u2022 1 Unit\u00e9 de n\u00e9onatalogie avec 3 couveuses<\/p><\/div><\/div>\t\t\t\t<\/div>\n\t\t\t\t<\/div>\n\t\t\t\t\t<\/div>\n\t\t<\/div>\n\t\t\t\t<div class=\"elementor-column elementor-col-33 elementor-inner-column elementor-element elementor-element-7f04c613\" data-id=\"7f04c613\" data-element_type=\"column\" data-e-type=\"column\" data-settings=\"{&quot;background_background&quot;:&quot;classic&quot;}\">\n\t\t\t<div class=\"elementor-widget-wrap elementor-element-populated\">\n\t\t\t\t\t\t<div class=\"elementor-element elementor-element-10a4c596 elementor-position-top elementor-widget elementor-widget-image-box\" data-id=\"10a4c596\" data-element_type=\"widget\" data-e-type=\"widget\" data-widget_type=\"image-box.default\">\n\t\t\t\t<div class=\"elementor-widget-container\">\n\t\t\t\t\t<div class=\"elementor-image-box-wrapper\"><figure class=\"elementor-image-box-img\"><img loading=\"lazy\" decoding=\"async\" width=\"1707\" height=\"2560\" src=\"https:\/\/cliniqueaden.com\/wp-content\/uploads\/2024\/04\/IMG_2504-scaled.jpg\" class=\"elementor-animation-hang attachment-full size-full wp-image-1967\" alt=\"\" srcset=\"https:\/\/cliniqueaden.com\/wp-content\/uploads\/2024\/04\/IMG_2504-scaled.jpg 1707w, https:\/\/cliniqueaden.com\/wp-content\/uploads\/2024\/04\/IMG_2504-200x300.jpg 200w, https:\/\/cliniqueaden.com\/wp-content\/uploads\/2024\/04\/IMG_2504-683x1024.jpg 683w, https:\/\/cliniqueaden.com\/wp-content\/uploads\/2024\/04\/IMG_2504-768x1152.jpg 768w, https:\/\/cliniqueaden.com\/wp-content\/uploads\/2024\/04\/IMG_2504-1024x1536.jpg 1024w, https:\/\/cliniqueaden.com\/wp-content\/uploads\/2024\/04\/IMG_2504-1365x2048.jpg 1365w\" sizes=\"(max-width: 1707px) 100vw, 1707px\" \/><\/figure><div class=\"elementor-image-box-content\"><h3 class=\"elementor-image-box-title\">Unit\u00e9 de R\u00e9animation<\/h3><\/div><\/div>\t\t\t\t<\/div>\n\t\t\t\t<\/div>\n\t\t\t\t\t<\/div>\n\t\t<\/div>\n\t\t\t\t\t<\/div>\n\t\t<\/section>\n\t\t\t\t\t<\/div>\n\t\t<\/div>\n\t\t\t\t\t<\/div>\n\t\t<\/section>\n\t\t\t\t<section class=\"elementor-section elementor-top-section elementor-element elementor-element-5ebb907c elementor-section-full_width elementor-section-height-default elementor-section-height-default\" data-id=\"5ebb907c\" data-element_type=\"section\" data-e-type=\"section\" data-settings=\"{&quot;background_background&quot;:&quot;classic&quot;}\">\n\t\t\t\t\t\t<div class=\"elementor-container elementor-column-gap-no\">\n\t\t\t\t\t<div class=\"elementor-column elementor-col-100 elementor-top-column elementor-element elementor-element-59b2b10\" data-id=\"59b2b10\" data-element_type=\"column\" data-e-type=\"column\">\n\t\t\t<div class=\"elementor-widget-wrap elementor-element-populated\">\n\t\t\t\t\t\t<div class=\"elementor-element elementor-element-542a9da elementor-widget elementor-widget-text-editor\" data-id=\"542a9da\" data-element_type=\"widget\" data-e-type=\"widget\" data-widget_type=\"text-editor.default\">\n\t\t\t\t<div class=\"elementor-widget-container\">\n\t\t\t\t\t\t\t\t\t<p><span>&#8220;Notre principe fondamental est de toujours mettre le patient en premier.&#8221;<\/span><\/p>\t\t\t\t\t\t\t\t<\/div>\n\t\t\t\t<\/div>\n\t\t\t\t\t<\/div>\n\t\t<\/div>\n\t\t\t\t\t<\/div>\n\t\t<\/section>\n\t\t\t\t<section class=\"elementor-section elementor-top-section elementor-element elementor-element-93eb4c0 elementor-reverse-mobile elementor-section-full_width elementor-section-height-default elementor-section-height-default\" data-id=\"93eb4c0\" data-element_type=\"section\" data-e-type=\"section\" data-settings=\"{&quot;background_background&quot;:&quot;classic&quot;,&quot;animation&quot;:&quot;none&quot;}\">\n\t\t\t\t\t\t<div class=\"elementor-container elementor-column-gap-no\">\n\t\t\t\t\t<div class=\"elementor-column elementor-col-50 elementor-top-column elementor-element elementor-element-7ab8b53\" data-id=\"7ab8b53\" data-element_type=\"column\" data-e-type=\"column\">\n\t\t\t<div class=\"elementor-widget-wrap elementor-element-populated\">\n\t\t\t\t\t\t<div class=\"elementor-element elementor-element-e79b332 elementor-widget elementor-widget-spacer\" data-id=\"e79b332\" data-element_type=\"widget\" data-e-type=\"widget\" data-widget_type=\"spacer.default\">\n\t\t\t\t<div class=\"elementor-widget-container\">\n\t\t\t\t\t\t\t<div class=\"elementor-spacer\">\n\t\t\t<div class=\"elementor-spacer-inner\"><\/div>\n\t\t<\/div>\n\t\t\t\t\t\t<\/div>\n\t\t\t\t<\/div>\n\t\t\t\t\t<\/div>\n\t\t<\/div>\n\t\t\t\t<div class=\"elementor-column elementor-col-50 elementor-top-column elementor-element elementor-element-d5f2282\" data-id=\"d5f2282\" data-element_type=\"column\" data-e-type=\"column\">\n\t\t\t<div class=\"elementor-widget-wrap elementor-element-populated\">\n\t\t\t\t\t\t<div class=\"elementor-element elementor-element-63f0cd5 elementor-widget elementor-widget-heading\" data-id=\"63f0cd5\" data-element_type=\"widget\" data-e-type=\"widget\" data-settings=\"{&quot;_animation&quot;:&quot;none&quot;}\" data-widget_type=\"heading.default\">\n\t\t\t\t<div class=\"elementor-widget-container\">\n\t\t\t\t\t<h2 class=\"elementor-heading-title elementor-size-default\">Nos horaires<\/h2>\t\t\t\t<\/div>\n\t\t\t\t<\/div>\n\t\t\t\t<div class=\"elementor-element elementor-element-f6d7bdf elementor-widget elementor-widget-text-editor\" data-id=\"f6d7bdf\" data-element_type=\"widget\" data-e-type=\"widget\" data-settings=\"{&quot;_animation&quot;:&quot;none&quot;}\" data-widget_type=\"text-editor.default\">\n\t\t\t\t<div class=\"elementor-widget-container\">\n\t\t\t\t\t\t\t\t\t<p>La Clinique Aden, Clinique Obst\u00e9trico Chirurgicale, restera \u00e0 l&#8217;\u00e9coute du patient et assurera une prise en charge\u00a0de qualit\u00e9.<\/p>\t\t\t\t\t\t\t\t<\/div>\n\t\t\t\t<\/div>\n\t\t\t\t<div class=\"elementor-element elementor-element-50fc373 elementor-widget elementor-widget-toggle\" data-id=\"50fc373\" data-element_type=\"widget\" data-e-type=\"widget\" data-widget_type=\"toggle.default\">\n\t\t\t\t<div class=\"elementor-widget-container\">\n\t\t\t\t\t\t\t<div class=\"elementor-toggle\">\n\t\t\t\t\t\t\t<div class=\"elementor-toggle-item\">\n\t\t\t\t\t<div id=\"elementor-tab-title-8491\" class=\"elementor-tab-title\" data-tab=\"1\" role=\"button\" aria-controls=\"elementor-tab-content-8491\" aria-expanded=\"false\">\n\t\t\t\t\t\t\t\t\t\t\t\t<span class=\"elementor-toggle-icon elementor-toggle-icon-left\" aria-hidden=\"true\">\n\t\t\t\t\t\t\t\t\t\t\t\t\t\t\t<span class=\"elementor-toggle-icon-closed\"><svg class=\"e-font-icon-svg e-fas-chevron-down\" viewBox=\"0 0 448 512\" xmlns=\"http:\/\/www.w3.org\/2000\/svg\"><path d=\"M207.029 381.476L12.686 187.132c-9.373-9.373-9.373-24.569 0-33.941l22.667-22.667c9.357-9.357 24.522-9.375 33.901-.04L224 284.505l154.745-154.021c9.379-9.335 24.544-9.317 33.901.04l22.667 22.667c9.373 9.373 9.373 24.569 0 33.941L240.971 381.476c-9.373 9.372-24.569 9.372-33.942 0z\"><\/path><\/svg><\/span>\n\t\t\t\t\t\t\t\t<span class=\"elementor-toggle-icon-opened\"><svg class=\"elementor-toggle-icon-opened e-font-icon-svg e-fas-chevron-up\" viewBox=\"0 0 448 512\" xmlns=\"http:\/\/www.w3.org\/2000\/svg\"><path d=\"M240.971 130.524l194.343 194.343c9.373 9.373 9.373 24.569 0 33.941l-22.667 22.667c-9.357 9.357-24.522 9.375-33.901.04L224 227.495 69.255 381.516c-9.379 9.335-24.544 9.317-33.901-.04l-22.667-22.667c-9.373-9.373-9.373-24.569 0-33.941L207.03 130.525c9.372-9.373 24.568-9.373 33.941-.001z\"><\/path><\/svg><\/span>\n\t\t\t\t\t\t\t\t\t\t\t\t\t<\/span>\n\t\t\t\t\t\t\t\t\t\t\t\t<a class=\"elementor-toggle-title\" tabindex=\"0\">Site du H\u00e9ron<\/a>\n\t\t\t\t\t<\/div>\n\n\t\t\t\t\t<div id=\"elementor-tab-content-8491\" class=\"elementor-tab-content elementor-clearfix\" data-tab=\"1\" role=\"region\" aria-labelledby=\"elementor-tab-title-8491\"><p>24h\/24 7j\/7<br \/>21 25 32 32<\/p><\/div>\n\t\t\t\t<\/div>\n\t\t\t\t\t\t\t<div class=\"elementor-toggle-item\">\n\t\t\t\t\t<div id=\"elementor-tab-title-8492\" class=\"elementor-tab-title\" data-tab=\"2\" role=\"button\" aria-controls=\"elementor-tab-content-8492\" aria-expanded=\"false\">\n\t\t\t\t\t\t\t\t\t\t\t\t<span class=\"elementor-toggle-icon elementor-toggle-icon-left\" aria-hidden=\"true\">\n\t\t\t\t\t\t\t\t\t\t\t\t\t\t\t<span class=\"elementor-toggle-icon-closed\"><svg class=\"e-font-icon-svg e-fas-chevron-down\" viewBox=\"0 0 448 512\" xmlns=\"http:\/\/www.w3.org\/2000\/svg\"><path d=\"M207.029 381.476L12.686 187.132c-9.373-9.373-9.373-24.569 0-33.941l22.667-22.667c9.357-9.357 24.522-9.375 33.901-.04L224 284.505l154.745-154.021c9.379-9.335 24.544-9.317 33.901.04l22.667 22.667c9.373 9.373 9.373 24.569 0 33.941L240.971 381.476c-9.373 9.372-24.569 9.372-33.942 0z\"><\/path><\/svg><\/span>\n\t\t\t\t\t\t\t\t<span class=\"elementor-toggle-icon-opened\"><svg class=\"elementor-toggle-icon-opened e-font-icon-svg e-fas-chevron-up\" viewBox=\"0 0 448 512\" xmlns=\"http:\/\/www.w3.org\/2000\/svg\"><path d=\"M240.971 130.524l194.343 194.343c9.373 9.373 9.373 24.569 0 33.941l-22.667 22.667c-9.357 9.357-24.522 9.375-33.901.04L224 227.495 69.255 381.516c-9.379 9.335-24.544 9.317-33.901-.04l-22.667-22.667c-9.373-9.373-9.373-24.569 0-33.941L207.03 130.525c9.372-9.373 24.568-9.373 33.941-.001z\"><\/path><\/svg><\/span>\n\t\t\t\t\t\t\t\t\t\t\t\t\t<\/span>\n\t\t\t\t\t\t\t\t\t\t\t\t<a class=\"elementor-toggle-title\" tabindex=\"0\">Site de la Siesta<\/a>\n\t\t\t\t\t<\/div>\n\n\t\t\t\t\t<div id=\"elementor-tab-content-8492\" class=\"elementor-tab-content elementor-clearfix\" data-tab=\"2\" role=\"region\" aria-labelledby=\"elementor-tab-title-8492\">6 jours sur 7<br>\nsamedi au jeudi<br>\n8h-12h \/ 15h-19h<br>\n21 25 33 33<\/div>\n\t\t\t\t<\/div>\n\t\t\t\t\t\t\t\t<\/div>\n\t\t\t\t\t\t<\/div>\n\t\t\t\t<\/div>\n\t\t\t\t\t<\/div>\n\t\t<\/div>\n\t\t\t\t\t<\/div>\n\t\t<\/section>\n\t\t\t\t<section class=\"elementor-section elementor-top-section elementor-element elementor-element-67e74a22 elementor-section-full_width elementor-section-height-default elementor-section-height-default\" data-id=\"67e74a22\" data-element_type=\"section\" data-e-type=\"section\" data-settings=\"{&quot;background_background&quot;:&quot;classic&quot;}\">\n\t\t\t\t\t\t<div class=\"elementor-container elementor-column-gap-no\">\n\t\t\t\t\t<div class=\"elementor-column elementor-col-100 elementor-top-column elementor-element elementor-element-2995ca56\" data-id=\"2995ca56\" data-element_type=\"column\" data-e-type=\"column\">\n\t\t\t<div class=\"elementor-widget-wrap elementor-element-populated\">\n\t\t\t\t\t\t<div class=\"elementor-element elementor-element-55fa07a9 elementor-widget elementor-widget-text-editor\" data-id=\"55fa07a9\" data-element_type=\"widget\" data-e-type=\"widget\" data-widget_type=\"text-editor.default\">\n\t\t\t\t<div class=\"elementor-widget-container\">\n\t\t\t\t\t\t\t\t\t<p><span>\u00a9 2024, cliniqueaden.com. Tous droits r\u00e9serv\u00e9s.<\/span><\/p>\t\t\t\t\t\t\t\t<\/div>\n\t\t\t\t<\/div>\n\t\t\t\t\t<\/div>\n\t\t<\/div>\n\t\t\t\t\t<\/div>\n\t\t<\/section>\n\t\t\t\t<\/div>\n\t\t","protected":false},"excerpt":{"rendered":"<p>Services Services que nous proposons L&#8217;activit\u00e9 m\u00e9dicale, chirugicale et obst\u00e9tricale de la Clinique Aden est organis\u00e9e en unit\u00e9s Unit\u00e9 de Consultations \u2022 Consultation gyn\u00e9cologie obst\u00e9trique (H\u00e9ron\/Siesta)\u2022 Consultattion anesth\u00e9sie (H\u00e9ron\/Siesta)\u2022 Consultation p\u00e9diatrie Unit\u00e9 de Chirurgie \u2022 2 blocs op\u00e9ratoires \u00e9quip\u00e9s \u2022 1 Unit\u00e9 de r\u00e9animation avec 2 lits \u2022 1 Salle [&hellip;]<\/p>\n","protected":false},"author":1,"featured_media":0,"parent":0,"menu_order":3,"comment_status":"closed","ping_status":"closed","template":"elementor_header_footer","meta":{"footnotes":""},"class_list":["post-364","page","type-page","status-publish","hentry"],"_links":{"self":[{"href":"https:\/\/cliniqueaden.com\/index.php?rest_route=\/wp\/v2\/pages\/364","targetHints":{"allow":["GET"]}}],"collection":[{"href":"https:\/\/cliniqueaden.com\/index.php?rest_route=\/wp\/v2\/pages"}],"about":[{"href":"https:\/\/cliniqueaden.com\/index.php?rest_route=\/wp\/v2\/types\/page"}],"author":[{"embeddable":true,"href":"https:\/\/cliniqueaden.com\/index.php?rest_route=\/wp\/v2\/users\/1"}],"replies":[{"embeddable":true,"href":"https:\/\/cliniqueaden.com\/index.php?rest_route=%2Fwp%2Fv2%2Fcomments&post=364"}],"version-history":[{"count":52,"href":"https:\/\/cliniqueaden.com\/index.php?rest_route=\/wp\/v2\/pages\/364\/revisions"}],"predecessor-version":[{"id":2316,"href":"https:\/\/cliniqueaden.com\/index.php?rest_route=\/wp\/v2\/pages\/364\/revisions\/2316"}],"wp:attachment":[{"href":"https:\/\/cliniqueaden.com\/index.php?rest_route=%2Fwp%2Fv2%2Fmedia&parent=364"}],"curies":[{"name":"wp","href":"https:\/\/api.w.org\/{rel}","templated":true}]}}